{"id":1109,"date":"2022-05-19T11:47:16","date_gmt":"2022-05-19T11:47:16","guid":{"rendered":"https:\/\/www.academiadelasartesescenicas.es\/escueladeverano\/?page_id=1109"},"modified":"2022-07-12T09:11:10","modified_gmt":"2022-07-12T09:11:10","slug":"inscripcion","status":"publish","type":"page","link":"https:\/\/www.academiadelasartesescenicas.es\/escueladeverano\/inscripcion\/","title":{"rendered":"Inscripci\u00f3n"},"content":{"rendered":"\n<p class=\"has-base-background-color has-background\"><mark style=\"background-color:rgba(0, 0, 0, 0)\" class=\"has-inline-color has-contrast-color\">Las plazas de la Escuela de Verano est\u00e1n, en estos momentos, agotadas. Sin embargo, <strong>hemos abierto una nueva forma de participaci\u00f3n<\/strong> para todos aquellos interesados. <strong>Puedes apuntarte como oyente en los talleres, participar en las actividades y obtener el diploma del curso<\/strong>. El precio sigue siendo de 100 euros. Si quieres participar como <strong>oyente<\/strong> escribe un correo a<\/mark> <mark style=\"background-color:rgba(0, 0, 0, 0)\" class=\"has-inline-color has-accent-color\">escueladeverano@academiaae.es<\/mark> <\/p>\n\n\n\n<p class=\"has-accent-color has-text-color\"><strong>*A PARTIR DEL 7 DE JULIO EN CASO DE NO PODER ASISTIR A LA ESCUELA NO SER\u00c1 DEVUELTO EL IMPORTE ABONADO<\/strong><\/p>\n\n\n\n<p>Para formalizar tu inscripci\u00f3n en la Escuela de Verano de la Academia de las Artes Esc\u00e9nicas de Espa\u00f1a del <strong>18 al 21 de julio de 2022<\/strong> debes completar el siguiente formulario. El precio de matr\u00edcula es de <strong>100 euros<\/strong>, disfrutando as\u00ed de <strong>50 horas de formaci\u00f3n<\/strong>. <\/p>\n\n\n\n<p>En el curso <em>Santiago Onta\u00f1\u00f3n: La escena social<\/em> asistir\u00e1s durante cuatro d\u00edas a <strong>mesas redondas, encuentros y clases magistrales<\/strong>. En horario de tarde tendr\u00e1s la opci\u00f3n de escoger a qu\u00e9 taller asistir, y para ello debes seleccionar a continuaci\u00f3n cinco opciones por orden de preferencia.<\/p>\n\n\n\n<p>En funci\u00f3n de la ocupaci\u00f3n del taller se te asignar\u00e1 tu plaza y recibir\u00e1s un correo de confirmaci\u00f3n con la informaci\u00f3n necesaria acerca del taller o talleres que se te han asignado as\u00ed como el material que necesitar\u00e1s para cada taller.<\/p>\n\n\n\n<p>La Universidad de Cantabria se compromete a certificar como curso de verano a los alumnos participantes.<\/p>\n\n\n\n<p><strong>ALOJAMIENTO<\/strong>: Si necesitaras alojamiento marca que est\u00e1s interesado en la Residencia. El precio de la residencia son 38\u20ac al d\u00eda y el pago se hace directamente en la Residencia al llegar. <\/p>\n\n\n\n<p>La Residencia Micampus Santander se encuentra en la Avenida Herrera Oria 23. <\/p>\n\n\n<div class=\"gb-button-wrapper gb-button-wrapper-5de4394a\">\n\n<a class=\"gb-button gb-button-ef737004 gb-button-text\" href=\"https:\/\/www.academiadelasartesescenicas.es\/escueladeverano\/lugares\/\" target=\"_blank\" rel=\"noopener noreferrer\">Localizaci\u00f3n y fotos de la Residencia<\/a>\n\n<\/div>\n\n\n<pre class=\"wp-block-code\"><code><iframe frameborder=\"0\" style=\"height:500px;width:99%;border:none;\" src=\"https:\/\/forms.zohopublic.eu\/gerencia\/form\/INSCRIPCINESCUELADEVERANO\/formperma\/KPKaxPFAOeo_hdiuiobQ7rBYGlQpkCoCXCOKksZFrdw\">&lt;\/iframe><\/code><\/pre><\/iframe><\/code><\/pre>\n","protected":false},"excerpt":{"rendered":"","protected":false},"author":1,"featured_media":0,"parent":0,"menu_order":0,"comment_status":"closed","ping_status":"closed","template":"","meta":{"_generate-full-width-content":"","footnotes":""},"class_list":["post-1109","page","type-page","status-publish"],"_links":{"self":[{"href":"https:\/\/www.academiadelasartesescenicas.es\/escueladeverano\/wp-json\/wp\/v2\/pages\/1109","targetHints":{"allow":["GET"]}}],"collection":[{"href":"https:\/\/www.academiadelasartesescenicas.es\/escueladeverano\/wp-json\/wp\/v2\/pages"}],"about":[{"href":"https:\/\/www.academiadelasartesescenicas.es\/escueladeverano\/wp-json\/wp\/v2\/types\/page"}],"author":[{"embeddable":true,"href":"https:\/\/www.academiadelasartesescenicas.es\/escueladeverano\/wp-json\/wp\/v2\/users\/1"}],"replies":[{"embeddable":true,"href":"https:\/\/www.academiadelasartesescenicas.es\/escueladeverano\/wp-json\/wp\/v2\/comments?post=1109"}],"version-history":[{"count":21,"href":"https:\/\/www.academiadelasartesescenicas.es\/escueladeverano\/wp-json\/wp\/v2\/pages\/1109\/revisions"}],"predecessor-version":[{"id":1989,"href":"https:\/\/www.academiadelasartesescenicas.es\/escueladeverano\/wp-json\/wp\/v2\/pages\/1109\/revisions\/1989"}],"wp:attachment":[{"href":"https:\/\/www.academiadelasartesescenicas.es\/escueladeverano\/wp-json\/wp\/v2\/media?parent=1109"}],"curies":[{"name":"wp","href":"https:\/\/api.w.org\/{rel}","templated":true}]}}